{"id":140,"date":"2026-05-08T11:06:05","date_gmt":"2026-05-08T09:06:05","guid":{"rendered":"https:\/\/www.sportpsychologycenter.com\/?page_id=140"},"modified":"2026-05-08T11:06:07","modified_gmt":"2026-05-08T09:06:07","slug":"disclaimer-mat","status":"publish","type":"page","link":"https:\/\/www.sportpsychologycenter.com\/en\/disclaimer-mat\/","title":{"rendered":"Disclaimer MAT"},"content":{"rendered":"<p><strong>Disclaimer MAT \u2014 Mental AI Trainer<\/strong><\/p>\n\n\n\n<p>Benvenuto. Questo chatbot \u00e8 uno strumento informativo basato sull&#8217;Intelligenza Artificiale. Non \u00e8 un psicologo\/psicoterapeuta e non fornisce prestazioni sanitarie, diagnosi o terapie. Le informazioni fornite non sostituiscono il parere professionale.<\/p>\n\n\n\n<p>In caso di emergenza, malessere psicologico acuto o necessit\u00e0 di supporto terapeutico, ti invitiamo a contattare direttamente un professionista o il pronto soccorso (112).<\/p>\n\n\n\n<p>Utilizzando il chatbot, accetti che le conversazioni vengano memorizzate e accetti i termini di servizio e la nostra Privacy Policy. Non condividere dati personali sensibili o informazioni compromettenti.<\/p>\n\n\n\n<p><strong>Accesso per minori<\/strong><\/p>\n\n\n\n<p>Il servizio \u00e8 destinato a utenti di et\u00e0 superiore ai 16 anni. Utenti tra 14 e 15 anni devono avere il consenso di un genitore o tutore legale. L&#8217;accesso \u00e8 vietato ai minori di 14 anni.<\/p>","protected":false},"excerpt":{"rendered":"<p>Disclaimer MAT \u2014 Mental AI Trainer Benvenuto. Questo chatbot \u00e8 uno strumento informativo basato sull&#8217;Intelligenza Artificiale. Non \u00e8 un psicologo\/psicoterapeuta e non fornisce prestazioni sanitarie, diagnosi<span class=\"excerpt-hellip\"> [\u2026]<\/span><\/p>\n","protected":false},"author":1,"featured_media":0,"parent":0,"menu_order":0,"comment_status":"closed","ping_status":"closed","template":"","meta":{"footnotes":""},"class_list":["post-140","page","type-page","status-publish","hentry"],"_links":{"self":[{"href":"https:\/\/www.sportpsychologycenter.com\/en\/wp-json\/wp\/v2\/pages\/140","targetHints":{"allow":["GET"]}}],"collection":[{"href":"https:\/\/www.sportpsychologycenter.com\/en\/wp-json\/wp\/v2\/pages"}],"about":[{"href":"https:\/\/www.sportpsychologycenter.com\/en\/wp-json\/wp\/v2\/types\/page"}],"author":[{"embeddable":true,"href":"https:\/\/www.sportpsychologycenter.com\/en\/wp-json\/wp\/v2\/users\/1"}],"replies":[{"embeddable":true,"href":"https:\/\/www.sportpsychologycenter.com\/en\/wp-json\/wp\/v2\/comments?post=140"}],"version-history":[{"count":1,"href":"https:\/\/www.sportpsychologycenter.com\/en\/wp-json\/wp\/v2\/pages\/140\/revisions"}],"predecessor-version":[{"id":141,"href":"https:\/\/www.sportpsychologycenter.com\/en\/wp-json\/wp\/v2\/pages\/140\/revisions\/141"}],"wp:attachment":[{"href":"https:\/\/www.sportpsychologycenter.com\/en\/wp-json\/wp\/v2\/media?parent=140"}],"curies":[{"name":"wp","href":"https:\/\/api.w.org\/{rel}","templated":true}]}}